{"id":19,"date":"2025-01-29T16:13:56","date_gmt":"2025-01-29T16:13:56","guid":{"rendered":"https:\/\/chteaurocdelevraut.live-website.com\/?page_id=19"},"modified":"2025-10-01T12:13:00","modified_gmt":"2025-10-01T12:13:00","slug":"chateau-roc-de-levraut-sauveterre-de-guyenne-vins-rouges-bordeaux","status":"publish","type":"page","link":"https:\/\/chateau-rocdelevraut.fr\/en\/chateau-roc-de-levraut-sauveterre-de-guyenne-vins-rouges-bordeaux\/","title":{"rendered":"Vineyard castle"},"content":{"rendered":"<div data-elementor-type=\"wp-page\" data-elementor-id=\"19\" class=\"elementor elementor-19\">\n\t\t\t\t<div class=\"elementor-element elementor-element-404610ef e-flex e-con-boxed e-con e-parent\" data-id=\"404610ef\" data-element_type=\"container\" data-settings=\"{&quot;background_background&quot;:&quot;classic&quot;}\">\n\t\t\t\t\t<div class=\"e-con-inner\">\n\t\t<div class=\"elementor-element elementor-element-4eaaf411 e-con-full e-flex e-con e-child\" data-id=\"4eaaf411\" data-element_type=\"container\">\n\t\t\t\t<div class=\"elementor-element elementor-element-5c02748e elementor-widget elementor-widget-heading\" data-id=\"5c02748e\" data-element_type=\"widget\" data-widget_type=\"heading.default\">\n\t\t\t\t<div class=\"elementor-widget-container\">\n\t\t\t\t\t<h1 class=\"elementor-heading-title elementor-size-default\">Vineyard BALLARIN<\/h1>\t\t\t\t<\/div>\n\t\t\t\t<\/div>\n\t\t\t\t<div class=\"elementor-element elementor-element-536e0b29 elementor-widget elementor-widget-heading\" data-id=\"536e0b29\" data-element_type=\"widget\" data-widget_type=\"heading.default\">\n\t\t\t\t<div class=\"elementor-widget-container\">\n\t\t\t\t\t<h2 class=\"elementor-heading-title elementor-size-default\">A family History...<\/h2>\t\t\t\t<\/div>\n\t\t\t\t<\/div>\n\t\t\t\t<\/div>\n\t\t\t\t\t<\/div>\n\t\t\t\t<\/div>\n\t\t<div class=\"elementor-element elementor-element-428e5ff6 e-flex e-con-boxed e-con e-parent\" data-id=\"428e5ff6\" data-element_type=\"container\">\n\t\t\t\t\t<div class=\"e-con-inner\">\n\t\t<div class=\"elementor-element elementor-element-1dcb6f89 e-con-full e-flex e-con e-child\" data-id=\"1dcb6f89\" data-element_type=\"container\">\n\t\t\t\t<div class=\"elementor-element elementor-element-4b382d3d elementor-widget elementor-widget-image\" data-id=\"4b382d3d\" data-element_type=\"widget\" data-widget_type=\"image.default\">\n\t\t\t\t<div class=\"elementor-widget-container\">\n\t\t\t\t\t\t\t\t\t\t\t\t\t\t\t<img fetchpriority=\"high\" decoding=\"async\" width=\"768\" height=\"576\" src=\"https:\/\/chateau-rocdelevraut.fr\/wp-content\/uploads\/2025\/03\/remi-ballarin-presentation-chateau-vignobles-sauveterre-guyenne.jpg-768x576.jpg\" class=\"attachment-medium_large size-medium_large wp-image-434\" alt=\"\" srcset=\"https:\/\/chateau-rocdelevraut.fr\/wp-content\/uploads\/2025\/03\/remi-ballarin-presentation-chateau-vignobles-sauveterre-guyenne.jpg-768x576.jpg 768w, https:\/\/chateau-rocdelevraut.fr\/wp-content\/uploads\/2025\/03\/remi-ballarin-presentation-chateau-vignobles-sauveterre-guyenne.jpg-300x225.jpg 300w, https:\/\/chateau-rocdelevraut.fr\/wp-content\/uploads\/2025\/03\/remi-ballarin-presentation-chateau-vignobles-sauveterre-guyenne.jpg-16x12.jpg 16w, https:\/\/chateau-rocdelevraut.fr\/wp-content\/uploads\/2025\/03\/remi-ballarin-presentation-chateau-vignobles-sauveterre-guyenne.jpg.jpg 800w\" sizes=\"(max-width: 768px) 100vw, 768px\" \/>\t\t\t\t\t\t\t\t\t\t\t\t\t\t\t<\/div>\n\t\t\t\t<\/div>\n\t\t\t\t<\/div>\n\t\t<div class=\"elementor-element elementor-element-6bf7baa8 e-con-full e-flex e-con e-child\" data-id=\"6bf7baa8\" data-element_type=\"container\">\n\t\t\t\t<div class=\"elementor-element elementor-element-5d33eca0 elementor-widget elementor-widget-heading\" data-id=\"5d33eca0\" data-element_type=\"widget\" data-widget_type=\"heading.default\">\n\t\t\t\t<div class=\"elementor-widget-container\">\n\t\t\t\t\t<h2 class=\"elementor-heading-title elementor-size-default\">The History of Ch\u00e2teau Roc de Levraut,<\/h2>\t\t\t\t<\/div>\n\t\t\t\t<\/div>\n\t\t\t\t<div class=\"elementor-element elementor-element-21d76894 elementor-widget elementor-widget-heading\" data-id=\"21d76894\" data-element_type=\"widget\" data-widget_type=\"heading.default\">\n\t\t\t\t<div class=\"elementor-widget-container\">\n\t\t\t\t\t<h3 class=\"elementor-heading-title elementor-size-default\">A word from R\u00e9mi BALLARIN...<\/h3>\t\t\t\t<\/div>\n\t\t\t\t<\/div>\n\t\t\t\t<div class=\"elementor-element elementor-element-609418d elementor-widget-divider--view-line elementor-widget elementor-widget-divider\" data-id=\"609418d\" data-element_type=\"widget\" data-widget_type=\"divider.default\">\n\t\t\t\t<div class=\"elementor-widget-container\">\n\t\t\t\t\t\t\t<div class=\"elementor-divider\">\n\t\t\t<span class=\"elementor-divider-separator\">\n\t\t\t\t\t\t<\/span>\n\t\t<\/div>\n\t\t\t\t\t\t<\/div>\n\t\t\t\t<\/div>\n\t\t\t\t<div class=\"elementor-element elementor-element-41dbf0e8 elementor-widget elementor-widget-text-editor\" data-id=\"41dbf0e8\" data-element_type=\"widget\" data-widget_type=\"text-editor.default\">\n\t\t\t\t<div class=\"elementor-widget-container\">\n\t\t\t\t\t\t\t\t\t<p>The adventure of Ch\u00e2teau Roc de Levraut begins in the 1930s...<\/p><p>My grandfather, Marcel Ballarin, who had recently arrived from Spain, was the first to decide to settle on the hillsides of Sauveterre de Guyenne, in the beautiful Entre-Deux-Mers region of southwestern France. He cultivated the first vineyards of Ch\u00e2teau Roc de Levraut there: the work was rustic and the vines were cultivated using teams of oxen.<\/p><p>In the 1970s, my father, Roger Ballarin, in turn embarked on the adventure of wine: it was the beginning of the modernization of the estate and of oenology.<\/p><p>It was in the early 2000s that I decided to settle down and take over the family vineyard. The vineyard was then replanted with more qualitative techniques and grape varieties such as Merlot and Cabernet Sauvignon, which are better suited to new tastes.<\/p>\t\t\t\t\t\t\t\t<\/div>\n\t\t\t\t<\/div>\n\t\t\t\t<\/div>\n\t\t\t\t\t<\/div>\n\t\t\t\t<\/div>\n\t\t<div class=\"elementor-element elementor-element-b1600c7 e-flex e-con-boxed e-con e-parent\" data-id=\"b1600c7\" data-element_type=\"container\" data-settings=\"{&quot;background_background&quot;:&quot;classic&quot;,&quot;shape_divider_top&quot;:&quot;tilt&quot;}\">\n\t\t\t\t\t<div class=\"e-con-inner\">\n\t\t\t\t<div class=\"elementor-shape elementor-shape-top\" data-negative=\"false\">\n\t\t\t<svg xmlns=\"http:\/\/www.w3.org\/2000\/svg\" viewbox=\"0 0 1000 100\" preserveaspectratio=\"none\">\n\t<path class=\"elementor-shape-fill\" d=\"M0,6V0h1000v100L0,6z\"\/>\n<\/svg>\t\t<\/div>\n\t\t<div class=\"elementor-element elementor-element-298504d e-con-full e-flex e-con e-child\" data-id=\"298504d\" data-element_type=\"container\">\n\t\t\t\t<div class=\"elementor-element elementor-element-4c02475 elementor-widget elementor-widget-image\" data-id=\"4c02475\" data-element_type=\"widget\" data-widget_type=\"image.default\">\n\t\t\t\t<div class=\"elementor-widget-container\">\n\t\t\t\t\t\t\t\t\t\t\t\t\t\t\t<img decoding=\"async\" width=\"768\" height=\"576\" src=\"https:\/\/chateau-rocdelevraut.fr\/wp-content\/uploads\/2025\/03\/traitement-chai-presentation-chateau-roc-de-levraut-sauveterre-guyenne-768x576.jpg\" class=\"attachment-medium_large size-medium_large wp-image-443\" alt=\"\" srcset=\"https:\/\/chateau-rocdelevraut.fr\/wp-content\/uploads\/2025\/03\/traitement-chai-presentation-chateau-roc-de-levraut-sauveterre-guyenne-768x576.jpg 768w, https:\/\/chateau-rocdelevraut.fr\/wp-content\/uploads\/2025\/03\/traitement-chai-presentation-chateau-roc-de-levraut-sauveterre-guyenne-300x225.jpg 300w, https:\/\/chateau-rocdelevraut.fr\/wp-content\/uploads\/2025\/03\/traitement-chai-presentation-chateau-roc-de-levraut-sauveterre-guyenne-16x12.jpg 16w, https:\/\/chateau-rocdelevraut.fr\/wp-content\/uploads\/2025\/03\/traitement-chai-presentation-chateau-roc-de-levraut-sauveterre-guyenne.jpg 800w\" sizes=\"(max-width: 768px) 100vw, 768px\" \/>\t\t\t\t\t\t\t\t\t\t\t\t\t\t\t<\/div>\n\t\t\t\t<\/div>\n\t\t\t\t<\/div>\n\t\t<div class=\"elementor-element elementor-element-eb836f1 e-con-full e-flex e-con e-child\" data-id=\"eb836f1\" data-element_type=\"container\">\n\t\t\t\t<div class=\"elementor-element elementor-element-8d22972 elementor-widget elementor-widget-heading\" data-id=\"8d22972\" data-element_type=\"widget\" data-widget_type=\"heading.default\">\n\t\t\t\t<div class=\"elementor-widget-container\">\n\t\t\t\t\t<h2 class=\"elementor-heading-title elementor-size-default\">Vineyard Roc de Levraut<\/h2>\t\t\t\t<\/div>\n\t\t\t\t<\/div>\n\t\t\t\t<div class=\"elementor-element elementor-element-ca5fe5d elementor-widget elementor-widget-heading\" data-id=\"ca5fe5d\" data-element_type=\"widget\" data-widget_type=\"heading.default\">\n\t\t\t\t<div class=\"elementor-widget-container\">\n\t\t\t\t\t<h3 class=\"elementor-heading-title elementor-size-default\">Une culture du renouveau...<\/h3>\t\t\t\t<\/div>\n\t\t\t\t<\/div>\n\t\t\t\t<div class=\"elementor-element elementor-element-4f25b1d elementor-widget elementor-widget-text-editor\" data-id=\"4f25b1d\" data-element_type=\"widget\" data-widget_type=\"text-editor.default\">\n\t\t\t\t<div class=\"elementor-widget-container\">\n\t\t\t\t\t\t\t\t\t<p>We are still concerned with producing surprising, seductive wines that are very simple to understand and drink...!<\/p><p>Our red Bordeaux wines, Ch\u00e2teau Roc de Levraut and Ch\u00e2teau Loyasson, fruity and easy-drinking, complement each other very well, along with Ch\u00e2teau Roc de Levraut, AOC Bordeaux Sup\u00e9rieur, powerful and full-bodied.<\/p><p>Do you like good wines? You can trust us!<\/p>\t\t\t\t\t\t\t\t<\/div>\n\t\t\t\t<\/div>\n\t\t\t\t<\/div>\n\t\t\t\t\t<\/div>\n\t\t\t\t<\/div>\n\t\t<div class=\"elementor-element elementor-element-39c0ff3 e-flex e-con-boxed e-con e-parent\" data-id=\"39c0ff3\" data-element_type=\"container\">\n\t\t\t\t\t<div class=\"e-con-inner\">\n\t\t<div class=\"elementor-element elementor-element-e5271d9 e-con-full e-flex e-con e-child\" data-id=\"e5271d9\" data-element_type=\"container\">\n\t\t\t\t<div class=\"elementor-element elementor-element-a2d8413 elementor-widget elementor-widget-image\" data-id=\"a2d8413\" data-element_type=\"widget\" data-widget_type=\"image.default\">\n\t\t\t\t<div class=\"elementor-widget-container\">\n\t\t\t\t\t\t\t\t\t\t\t\t\t\t\t<img decoding=\"async\" width=\"768\" height=\"576\" src=\"https:\/\/chateau-rocdelevraut.fr\/wp-content\/uploads\/2025\/04\/vignes-ete-chateau-roc-de-levraut-vignobles-ballarin-sauveterre-guyenne-vin-rouge-bordeaux-768x576.jpg\" class=\"attachment-medium_large size-medium_large wp-image-495\" alt=\"\" srcset=\"https:\/\/chateau-rocdelevraut.fr\/wp-content\/uploads\/2025\/04\/vignes-ete-chateau-roc-de-levraut-vignobles-ballarin-sauveterre-guyenne-vin-rouge-bordeaux-768x576.jpg 768w, https:\/\/chateau-rocdelevraut.fr\/wp-content\/uploads\/2025\/04\/vignes-ete-chateau-roc-de-levraut-vignobles-ballarin-sauveterre-guyenne-vin-rouge-bordeaux-300x225.jpg 300w, https:\/\/chateau-rocdelevraut.fr\/wp-content\/uploads\/2025\/04\/vignes-ete-chateau-roc-de-levraut-vignobles-ballarin-sauveterre-guyenne-vin-rouge-bordeaux-1024x768.jpg 1024w, https:\/\/chateau-rocdelevraut.fr\/wp-content\/uploads\/2025\/04\/vignes-ete-chateau-roc-de-levraut-vignobles-ballarin-sauveterre-guyenne-vin-rouge-bordeaux-1536x1152.jpg 1536w, https:\/\/chateau-rocdelevraut.fr\/wp-content\/uploads\/2025\/04\/vignes-ete-chateau-roc-de-levraut-vignobles-ballarin-sauveterre-guyenne-vin-rouge-bordeaux-16x12.jpg 16w, https:\/\/chateau-rocdelevraut.fr\/wp-content\/uploads\/2025\/04\/vignes-ete-chateau-roc-de-levraut-vignobles-ballarin-sauveterre-guyenne-vin-rouge-bordeaux.jpg 2048w\" sizes=\"(max-width: 768px) 100vw, 768px\" \/>\t\t\t\t\t\t\t\t\t\t\t\t\t\t\t<\/div>\n\t\t\t\t<\/div>\n\t\t\t\t<\/div>\n\t\t<div class=\"elementor-element elementor-element-7daea87 e-con-full e-flex e-con e-child\" data-id=\"7daea87\" data-element_type=\"container\">\n\t\t\t\t<div class=\"elementor-element elementor-element-f735882 elementor-widget elementor-widget-heading\" data-id=\"f735882\" data-element_type=\"widget\" data-widget_type=\"heading.default\">\n\t\t\t\t<div class=\"elementor-widget-container\">\n\t\t\t\t\t<h2 class=\"elementor-heading-title elementor-size-default\">Vineyard Roc de Levraut<br> Unique Bordeaux wine expertise<\/h2>\t\t\t\t<\/div>\n\t\t\t\t<\/div>\n\t\t\t\t<\/div>\n\t\t<div class=\"elementor-element elementor-element-973aab3 e-con-full e-flex e-con e-child\" data-id=\"973aab3\" data-element_type=\"container\">\n\t\t\t\t<div class=\"elementor-element elementor-element-526eefc elementor-widget elementor-widget-heading\" data-id=\"526eefc\" data-element_type=\"widget\" data-widget_type=\"heading.default\">\n\t\t\t\t<div class=\"elementor-widget-container\">\n\t\t\t\t\t<h3 class=\"elementor-heading-title elementor-size-default\">Grape varieties<\/h3>\t\t\t\t<\/div>\n\t\t\t\t<\/div>\n\t\t\t\t<div class=\"elementor-element elementor-element-abff68c elementor-widget-divider--view-line elementor-widget elementor-widget-divider\" data-id=\"abff68c\" data-element_type=\"widget\" data-widget_type=\"divider.default\">\n\t\t\t\t<div class=\"elementor-widget-container\">\n\t\t\t\t\t\t\t<div class=\"elementor-divider\">\n\t\t\t<span class=\"elementor-divider-separator\">\n\t\t\t\t\t\t<\/span>\n\t\t<\/div>\n\t\t\t\t\t\t<\/div>\n\t\t\t\t<\/div>\n\t\t\t\t<div class=\"elementor-element elementor-element-2bba36b elementor-widget elementor-widget-text-editor\" data-id=\"2bba36b\" data-element_type=\"widget\" data-widget_type=\"text-editor.default\">\n\t\t\t\t<div class=\"elementor-widget-container\">\n\t\t\t\t\t\t\t\t\t<p>Merlot grape variety 40%<\/p><p>It brings flexibility and roundness<\/p><p>Cabernet Sauvignon grape variety 50%<\/p><p>Its tannins structure the wine and give it volume.<\/p><p>Malbec grape variety 10%<\/p>\t\t\t\t\t\t\t\t<\/div>\n\t\t\t\t<\/div>\n\t\t\t\t<\/div>\n\t\t\t\t\t<\/div>\n\t\t\t\t<\/div>\n\t\t<div class=\"elementor-element elementor-element-1bbd38b e-flex e-con-boxed e-con e-parent\" data-id=\"1bbd38b\" data-element_type=\"container\">\n\t\t\t\t\t<div class=\"e-con-inner\">\n\t\t<div class=\"elementor-element elementor-element-0bdc039 e-con-full e-flex e-con e-child\" data-id=\"0bdc039\" data-element_type=\"container\">\n\t\t\t\t<div class=\"elementor-element elementor-element-95ffbf0 elementor-widget elementor-widget-image\" data-id=\"95ffbf0\" data-element_type=\"widget\" data-widget_type=\"image.default\">\n\t\t\t\t<div class=\"elementor-widget-container\">\n\t\t\t\t\t\t\t\t\t\t\t\t\t\t\t<img loading=\"lazy\" decoding=\"async\" width=\"768\" height=\"576\" src=\"https:\/\/chateau-rocdelevraut.fr\/wp-content\/uploads\/2025\/04\/vignes-automne-chateau-roc-de-levraut-vignobles-ballarin-sauveterre-guyenne-vin-rouge-bordeaux-768x576.jpg\" class=\"attachment-medium_large size-medium_large wp-image-497\" alt=\"\" srcset=\"https:\/\/chateau-rocdelevraut.fr\/wp-content\/uploads\/2025\/04\/vignes-automne-chateau-roc-de-levraut-vignobles-ballarin-sauveterre-guyenne-vin-rouge-bordeaux-768x576.jpg 768w, https:\/\/chateau-rocdelevraut.fr\/wp-content\/uploads\/2025\/04\/vignes-automne-chateau-roc-de-levraut-vignobles-ballarin-sauveterre-guyenne-vin-rouge-bordeaux-300x225.jpg 300w, https:\/\/chateau-rocdelevraut.fr\/wp-content\/uploads\/2025\/04\/vignes-automne-chateau-roc-de-levraut-vignobles-ballarin-sauveterre-guyenne-vin-rouge-bordeaux-1024x768.jpg 1024w, https:\/\/chateau-rocdelevraut.fr\/wp-content\/uploads\/2025\/04\/vignes-automne-chateau-roc-de-levraut-vignobles-ballarin-sauveterre-guyenne-vin-rouge-bordeaux-1536x1152.jpg 1536w, https:\/\/chateau-rocdelevraut.fr\/wp-content\/uploads\/2025\/04\/vignes-automne-chateau-roc-de-levraut-vignobles-ballarin-sauveterre-guyenne-vin-rouge-bordeaux-16x12.jpg 16w, https:\/\/chateau-rocdelevraut.fr\/wp-content\/uploads\/2025\/04\/vignes-automne-chateau-roc-de-levraut-vignobles-ballarin-sauveterre-guyenne-vin-rouge-bordeaux.jpg 2048w\" sizes=\"(max-width: 768px) 100vw, 768px\" \/>\t\t\t\t\t\t\t\t\t\t\t\t\t\t\t<\/div>\n\t\t\t\t<\/div>\n\t\t\t\t<\/div>\n\t\t<div class=\"elementor-element elementor-element-f935f4c e-con-full e-flex e-con e-child\" data-id=\"f935f4c\" data-element_type=\"container\">\n\t\t\t\t<div class=\"elementor-element elementor-element-6ec4a61 elementor-widget elementor-widget-heading\" data-id=\"6ec4a61\" data-element_type=\"widget\" data-widget_type=\"heading.default\">\n\t\t\t\t<div class=\"elementor-widget-container\">\n\t\t\t\t\t<h3 class=\"elementor-heading-title elementor-size-default\">The region suitable for vine cultivation...<\/h3>\t\t\t\t<\/div>\n\t\t\t\t<\/div>\n\t\t\t\t<div class=\"elementor-element elementor-element-c12ff70 elementor-widget-divider--view-line elementor-widget elementor-widget-divider\" data-id=\"c12ff70\" data-element_type=\"widget\" data-widget_type=\"divider.default\">\n\t\t\t\t<div class=\"elementor-widget-container\">\n\t\t\t\t\t\t\t<div class=\"elementor-divider\">\n\t\t\t<span class=\"elementor-divider-separator\">\n\t\t\t\t\t\t<\/span>\n\t\t<\/div>\n\t\t\t\t\t\t<\/div>\n\t\t\t\t<\/div>\n\t\t\t\t<div class=\"elementor-element elementor-element-22a359a elementor-widget elementor-widget-text-editor\" data-id=\"22a359a\" data-element_type=\"widget\" data-widget_type=\"text-editor.default\">\n\t\t\t\t<div class=\"elementor-widget-container\">\n\t\t\t\t\t\t\t\t\t<p>Located 100\u00a0km east of the Atlantic Ocean, 50\u00a0km from Bordeaux and 600\u00a0km south of Paris, our region is made up of hillsides and valleys with an ideal south-facing exposure. The soils are composed of clay resting on a layer of limestone, allowing for ideal vine development.<\/p><p>The vine has existed here for several centuries, but has experienced significant development over the past thirty years, benefiting from advances in science.<\/p><p>The temperate climate, mild in winter and hot in summer, allows the vine to benefit from ideal temperature conditions.<\/p>\t\t\t\t\t\t\t\t<\/div>\n\t\t\t\t<\/div>\n\t\t\t\t<\/div>\n\t\t\t\t\t<\/div>\n\t\t\t\t<\/div>\n\t\t<div class=\"elementor-element elementor-element-d303b19 e-flex e-con-boxed e-con e-parent\" data-id=\"d303b19\" data-element_type=\"container\">\n\t\t\t\t\t<div class=\"e-con-inner\">\n\t\t<div class=\"elementor-element elementor-element-a81bfa7 e-con-full e-flex e-con e-child\" data-id=\"a81bfa7\" data-element_type=\"container\">\n\t\t\t\t<div class=\"elementor-element elementor-element-3b251c8 elementor-widget elementor-widget-image\" data-id=\"3b251c8\" data-element_type=\"widget\" data-widget_type=\"image.default\">\n\t\t\t\t<div class=\"elementor-widget-container\">\n\t\t\t\t\t\t\t\t\t\t\t\t\t\t\t<img loading=\"lazy\" decoding=\"async\" width=\"768\" height=\"576\" src=\"https:\/\/chateau-rocdelevraut.fr\/wp-content\/uploads\/2025\/04\/travail-chai-chateau-roc-de-levraut-vignobles-ballarin-sauveterre-guyenne-vin-rouge-bordeaux-768x576.jpg\" class=\"attachment-medium_large size-medium_large wp-image-496\" alt=\"\" srcset=\"https:\/\/chateau-rocdelevraut.fr\/wp-content\/uploads\/2025\/04\/travail-chai-chateau-roc-de-levraut-vignobles-ballarin-sauveterre-guyenne-vin-rouge-bordeaux-768x576.jpg 768w, https:\/\/chateau-rocdelevraut.fr\/wp-content\/uploads\/2025\/04\/travail-chai-chateau-roc-de-levraut-vignobles-ballarin-sauveterre-guyenne-vin-rouge-bordeaux-300x225.jpg 300w, https:\/\/chateau-rocdelevraut.fr\/wp-content\/uploads\/2025\/04\/travail-chai-chateau-roc-de-levraut-vignobles-ballarin-sauveterre-guyenne-vin-rouge-bordeaux-1024x768.jpg 1024w, https:\/\/chateau-rocdelevraut.fr\/wp-content\/uploads\/2025\/04\/travail-chai-chateau-roc-de-levraut-vignobles-ballarin-sauveterre-guyenne-vin-rouge-bordeaux-1536x1152.jpg 1536w, https:\/\/chateau-rocdelevraut.fr\/wp-content\/uploads\/2025\/04\/travail-chai-chateau-roc-de-levraut-vignobles-ballarin-sauveterre-guyenne-vin-rouge-bordeaux-16x12.jpg 16w, https:\/\/chateau-rocdelevraut.fr\/wp-content\/uploads\/2025\/04\/travail-chai-chateau-roc-de-levraut-vignobles-ballarin-sauveterre-guyenne-vin-rouge-bordeaux.jpg 1600w\" sizes=\"(max-width: 768px) 100vw, 768px\" \/>\t\t\t\t\t\t\t\t\t\t\t\t\t\t\t<\/div>\n\t\t\t\t<\/div>\n\t\t\t\t<\/div>\n\t\t<div class=\"elementor-element elementor-element-8e4af03 e-con-full e-flex e-con e-child\" data-id=\"8e4af03\" data-element_type=\"container\">\n\t\t\t\t<div class=\"elementor-element elementor-element-99dd414 elementor-widget elementor-widget-heading\" data-id=\"99dd414\" data-element_type=\"widget\" data-widget_type=\"heading.default\">\n\t\t\t\t<div class=\"elementor-widget-container\">\n\t\t\t\t\t<h3 class=\"elementor-heading-title elementor-size-default\">cellar work<\/h3>\t\t\t\t<\/div>\n\t\t\t\t<\/div>\n\t\t\t\t<div class=\"elementor-element elementor-element-1cd320c elementor-widget-divider--view-line elementor-widget elementor-widget-divider\" data-id=\"1cd320c\" data-element_type=\"widget\" data-widget_type=\"divider.default\">\n\t\t\t\t<div class=\"elementor-widget-container\">\n\t\t\t\t\t\t\t<div class=\"elementor-divider\">\n\t\t\t<span class=\"elementor-divider-separator\">\n\t\t\t\t\t\t<\/span>\n\t\t<\/div>\n\t\t\t\t\t\t<\/div>\n\t\t\t\t<\/div>\n\t\t\t\t<div class=\"elementor-element elementor-element-9e7e0b6 elementor-widget elementor-widget-text-editor\" data-id=\"9e7e0b6\" data-element_type=\"widget\" data-widget_type=\"text-editor.default\">\n\t\t\t\t<div class=\"elementor-widget-container\">\n\t\t\t\t\t\t\t\t\t<p>It all starts with a ripe grape...<\/p><p>The wine is first placed in vats to macerate for about 3 weeks with the skin.<\/p><p>During alcoholic fermentation, the yeast found on the skin of the grape transforms the sugar into alcohol, and produces all the aromas. The red color of the skin passes into the juice.\" Let me know if you need any other translations!<\/p><p>Wine was born...<\/p><p>After this period, several rackings will eliminate, during the winter, the natural deposits of the wine which clarifies by natural settling. Different aerations will allow the tannins to soften and improve the wine.<\/p><p>One year later comes the bottling.<\/p>\t\t\t\t\t\t\t\t<\/div>\n\t\t\t\t<\/div>\n\t\t\t\t<\/div>\n\t\t\t\t\t<\/div>\n\t\t\t\t<\/div>\n\t\t\t\t<\/div>","protected":false},"excerpt":{"rendered":"<p>Vignobles BALLARIN L&rsquo;Histoire d&rsquo;une famille&#8230; L\u00a0\u00bbHistoire du Ch\u00e2teau Roc de Levraut, Le mot de R\u00e9mi BALLARIN&#8230; L\u2019aventure du Ch\u00e2teau Roc de Levraut commence en dans les ann\u00e9es 1930&#8230; C&rsquo;\u2019est mon grand-p\u00e8re, Marcel Ballarin, arriv\u00e9 d\u2019Espagne depuis peu, qui en premier d\u00e9cide de s&rsquo;installer \u200bsur les coteaux de Sauveterre de Guyenne ,dans la belle r\u00e9gion de&#8230;<\/p>","protected":false},"author":1,"featured_media":0,"parent":0,"menu_order":0,"comment_status":"closed","ping_status":"closed","template":"elementor_header_footer","meta":{"_kad_post_transparent":"","_kad_post_title":"hide","_kad_post_layout":"fullwidth","_kad_post_sidebar_id":"","_kad_post_content_style":"unboxed","_kad_post_vertical_padding":"hide","_kad_post_feature":"hide","_kad_post_feature_position":"","_kad_post_header":false,"_kad_post_footer":false,"footnotes":""},"class_list":["post-19","page","type-page","status-publish","hentry"],"aioseo_notices":[],"_links":{"self":[{"href":"https:\/\/chateau-rocdelevraut.fr\/en\/wp-json\/wp\/v2\/pages\/19","targetHints":{"allow":["GET"]}}],"collection":[{"href":"https:\/\/chateau-rocdelevraut.fr\/en\/wp-json\/wp\/v2\/pages"}],"about":[{"href":"https:\/\/chateau-rocdelevraut.fr\/en\/wp-json\/wp\/v2\/types\/page"}],"author":[{"embeddable":true,"href":"https:\/\/chateau-rocdelevraut.fr\/en\/wp-json\/wp\/v2\/users\/1"}],"replies":[{"embeddable":true,"href":"https:\/\/chateau-rocdelevraut.fr\/en\/wp-json\/wp\/v2\/comments?post=19"}],"version-history":[{"count":55,"href":"https:\/\/chateau-rocdelevraut.fr\/en\/wp-json\/wp\/v2\/pages\/19\/revisions"}],"predecessor-version":[{"id":635,"href":"https:\/\/chateau-rocdelevraut.fr\/en\/wp-json\/wp\/v2\/pages\/19\/revisions\/635"}],"wp:attachment":[{"href":"https:\/\/chateau-rocdelevraut.fr\/en\/wp-json\/wp\/v2\/media?parent=19"}],"curies":[{"name":"wp","href":"https:\/\/api.w.org\/{rel}","templated":true}]}}